{"id":414,"date":"2024-05-22T10:48:57","date_gmt":"2024-05-22T10:48:57","guid":{"rendered":"https:\/\/zoom.timelab.ro\/?page_id=414"},"modified":"2024-05-22T10:48:57","modified_gmt":"2024-05-22T10:48:57","slug":"termeni-si-conditiile-de-utilizare","status":"publish","type":"page","link":"https:\/\/zoom.timelab.ro\/en\/termeni-si-conditiile-de-utilizare\/","title":{"rendered":"Termeni si conditiile de utilizare"},"content":{"rendered":"<div class=\"row\">\n<div class=\"col-md-12\">\n<div class=\"gdpr-content\">\n<p>Condi\u0163ii Generale pentru utilizarea site-ului zoomcadiss.ro<\/p>\n<p>INTRODUCERE<\/p>\n<p>Prezentele Condi\u0163ii Generale definesc condi\u0163iile de utilizare a site-ului zoomcadiss.ro de c\u0103tre poten\u0163ialii vizitatori sau clien\u0163i. Acces\u00e2nd \u015fi navig\u00e2nd pe acest site, accepta\u0163i termenii de utilizare descri\u015fi \u00een continuare.<\/p>\n<p>DREPTURILE ASUPRA CON\u0162INUTULUI SITE-ULUI<\/p>\n<p>S.C. Zoom Cadiss SRL S.R.L. (denumit\u0103 \u00een continuare Zoom Cadiss ), nu va transfera titlul de proprietate asupra aplica\u0163iilor software (solu\u0163iile GDPRComplet).<\/p>\n<p>Zoom Cadiss de\u0163ine drepturi complete \u015fi depline asupra titlului de proprietate \u015fi prin aceasta toate drepturile de autor \u015fi cele brevetate. Nu ave\u0163i dreptul s\u0103 redistribui\u0163i, vinde\u0163i, decompila\u0163i, dezasambla\u0163i aplica\u0163ia software \u00eentr-o form\u0103 perceptibil\u0103 de c\u0103tre oameni.<\/p>\n<p>Toate informa\u0163iile, proiectele sau aplica\u0163iile con\u0163inute \u00een acest site sunt proprietatea Zoom Cadiss, care \u00ee\u015fi rezerv\u0103 dreptul de a modifica con\u0163inutul \u015fi\/sau structura site-ului \u00een orice moment \u015fi far\u0103 nici o informare prealabil\u0103.<\/p>\n<p>\u00centregul con\u0163inut al site-ului www.zoomcadiss.ro\u00a0este protejat prin Legea drepturilor de autor, toate drepturile fiind rezervate. Toate drepturile referitoare la pagini, con\u0163inutul \u015fi prezentarea site-ului sunt de\u0163inute de Zoom Cadiss. Este interzis\u0103 copierea, modificarea, afi\u015farea, distribuirea, transmiterea, publicarea, comercializarea, licen\u0163ierea, crearea unor materiale derivate sau utilizarea con\u0163inutului site-ului \u00een orice scop far\u0103 confirmarea scris\u0103 din partea Zoom Cadiss.<\/p>\n<p>NEANGAJAREA R\u0102SPUNDERII<\/p>\n<p>Con\u0163inutul informa\u0163iilor se refer\u0103 la descrierea \u00eentr-un anumit grad de detaliere a activit\u0103\u0163ilor, proiectelor \u015fi serviciilor Zoom Cadiss. Zoom Cadiss nu va acorda nici o garan\u0163ie referitoare la:<\/p>\n<p>\u2013 evitarea utiliz\u0103rii anevoioase sau \u00eentreruperii \u00een utilizare a site-ului;<br \/>\n\u2013 neafectarea \u00een sens negativ a altor sisteme prin utilizarea site-ului;<br \/>\n\u2013 inexisten\u0163a pe site-ul pus la dispozi\u0163ie a viru\u015filor sau alte componente care ar putea d\u0103una utilizatorilor.<\/p>\n<p>Astfel, Zoom Cadiss nu poate fi responsabil\u0103 pentru nici un fel de daune directe sau indirecte produse prin utilizarea site-ului s\u0103u.<br \/>\nToate informa\u021biile prezentate pe site cu privire la serviciile Zoom Cadiss, pre\u021buri, informa\u021bii, campanii \u0219i promo\u021bii de marketing, aspecte tehnice, sunt prezentate cu titlu informativ. Nimic din con\u021binutul site-ului www.zoomcadiss.ro nu poate constitui o ofert\u0103 ferm\u0103 de a contracta \u0219i nu poate angaja r\u0103spunderea\u00a0Zoom Cadiss \u00een lipsa unor acorduri ulterioare.<\/p>\n<p>OBIECTIVUL CON\u0162INUTULUI SITE-ULUI<\/p>\n<p>Obiectivul con\u0163inutului site-ului este de a transmite informa\u0163ii actualizate \u015fi exacte.<\/p>\n<p>Zoom Cadiss nu poate garanta c\u0103 prezentele pagini nu con\u0163in erori, \u015fi asigur\u0103 c\u0103 va depune toate diligen\u0163ele pentru realizarea unei inform\u0103ri corecte \u015fi remedierea eventualelor erori.<\/p>\n<p>Orice persoan\u0103 care dore\u015fte s\u0103-\u015fi procure unul din serviciile sau produsele prezentate \u00een site este rugat\u0103 s\u0103 contacteze Zoom Cadiss prin unul din mijloacele afi\u015fate \u00een pagina de Contact a site-ului, pentru a se informa at\u00e2t asupra disponibilit\u0103\u0163ii serviciului sau produsului \u00een cauz\u0103 c\u00e2t \u015fi asupra condi\u0163iilor contractuale, tarifelor \u015fi informa\u0163iilor tehnice sau de alt\u0103 natur\u0103.<\/p>\n<p>INFORMA\u0162II PERSONALE<\/p>\n<p>C\u00e2nd prin intermediul prezentului site v\u0103 sunt solicitate informa\u0163ii, aceasta are ca scop identificarea dumneavoastr\u0103 sau posibilitatea de a v\u0103 contacta. Acest lucru este cu at\u00e2t mai necesar \u00een cazul folosirii aplica\u0163iilor disponibile pe site.<\/p>\n<p>Natura informa\u0163iilor solicitate se refer\u0103 \u00een special la date personale (nume, adres\u0103, numere de telefon), adres\u0103 de e-mail, modul \u00een care sunt utilizate sau inten\u0163ioneaz\u0103 s\u0103 fie utilizate serviciile Zoom Cadiss, dar poate include \u015fi alte informa\u0163ii aflate \u00een str\u00e2ns\u0103 leg\u0103tur\u0103 cu utilizarea serviciilor\u00a0solicitate.<\/p>\n<p>Cu scopul de a r\u0103spunde mai bine nevoilor \u015fi \u00eentreb\u0103rilor utilizatorilor site-ului, informa\u0163iile solicitate prin intermediul acestui site vor face obiectul unei stoc\u0103ri \u015fi prelucr\u0103ri electronice.<\/p>\n<p>LEG\u0102TURA CU ALTE SITE-URI<\/p>\n<p>Prezentul site poate con\u0163ine leg\u0103turi sau trimiteri c\u0103tre alte site-uri considerate de Zoom Cadiss utile \u00een leg\u0103tur\u0103 cu con\u0163inutul site-ului s\u0103u \u015fi care nu se afl\u0103 sub controlul sau \u00eendrumarea sa. \u00cen cazul utiliz\u0103rii acestor leg\u0103turi sau trimiteri se vor aplica condi\u0163iile generale de utilizare corespunz\u0103toare acelor site-uri.<\/p>\n<p>Zoom Cadiss nu poate garanta\/controla actualitatea\/exactitatea informa\u0163iilor prezente pe site-urile unor ter\u0163i, la care se face trimitere de pe site-ul s\u0103u.<\/p>\n<p>INFORMA\u0162IILE OFERITE PRIN INTERMEDIUL SITE-ULUI<\/p>\n<p>Orice persoan\u0103 care viziteaz\u0103 site-ul www.zoomcadiss.ro \u015fi care ofer\u0103 date sau informa\u0163ii cu caracter personal prin intermediul acestui site \u00ee\u015fi manifest\u0103 acordul \u00een mod expres \u015fi neechivoc pentru urm\u0103toarele: prelucrarea acestor date \u015fi informa\u0163ii personale de c\u0103tre Zoom Cadiss \u00een vederea efectu\u0103rii de studii de pia\u0163\u0103; transmiterii de materiale promo\u0163ionale specifice opera\u0163iunilor de marketing direct; solu\u0163ionarea de c\u0103tre Zoom Cadiss a cererilor, \u00eentreb\u0103rilor \u015fi reclama\u0163iilor adresate (a se vedea pagina Contact din site); alte activit\u0103\u0163i \u00eentreprinse de Zoom Cadiss \u015fi permise de lege, ce nu fac obiectul unei aprob\u0103ri din partea destinatarului.<\/p>\n<p>Cadiss va p\u0103stra confiden\u0163ialitatea acestor informa\u0163ii.<\/p>\n<p>Utilizarea \u00een continuare a acestui site constituie acordul expres \u015fi neechivoc al dumneavoastr\u0103 \u00een conformitate cu prevederile legii 677\/2001 si directivelor GDPR pentru protec\u0163ia persoanelor cu privire la prelucrarea datelor cu caracter personal \u015fi libera circula\u0163ie a acestor date.<\/p>\n<p>Pentru orice nel\u0103murire \u00een leg\u0103tur\u0103 cu exercitarea drepturilor dumneavoastr\u0103 referitoare la utilizarea site-ului \u015fi la protec\u0163ia utiliz\u0103rii v\u0103 rug\u0103m s\u0103 ne contacta\u0163i prin intermediul sec\u0163iunii Contact din site.<\/p>\n<\/div>\n<\/div>\n<\/div>","protected":false},"excerpt":{"rendered":"<p>Condi\u0163ii Generale pentru utilizarea site-ului zoomcadiss.ro INTRODUCERE Prezentele Condi\u0163ii Generale [&hellip;]<\/p>","protected":false},"author":1,"featured_media":0,"parent":0,"menu_order":0,"comment_status":"closed","ping_status":"closed","template":"100-width.php","meta":{"footnotes":""},"class_list":["post-414","page","type-page","status-publish","hentry"],"_links":{"self":[{"href":"https:\/\/zoom.timelab.ro\/en\/wp-json\/wp\/v2\/pages\/414","targetHints":{"allow":["GET"]}}],"collection":[{"href":"https:\/\/zoom.timelab.ro\/en\/wp-json\/wp\/v2\/pages"}],"about":[{"href":"https:\/\/zoom.timelab.ro\/en\/wp-json\/wp\/v2\/types\/page"}],"author":[{"embeddable":true,"href":"https:\/\/zoom.timelab.ro\/en\/wp-json\/wp\/v2\/users\/1"}],"replies":[{"embeddable":true,"href":"https:\/\/zoom.timelab.ro\/en\/wp-json\/wp\/v2\/comments?post=414"}],"version-history":[{"count":1,"href":"https:\/\/zoom.timelab.ro\/en\/wp-json\/wp\/v2\/pages\/414\/revisions"}],"predecessor-version":[{"id":415,"href":"https:\/\/zoom.timelab.ro\/en\/wp-json\/wp\/v2\/pages\/414\/revisions\/415"}],"wp:attachment":[{"href":"https:\/\/zoom.timelab.ro\/en\/wp-json\/wp\/v2\/media?parent=414"}],"curies":[{"name":"wp","href":"https:\/\/api.w.org\/{rel}","templated":true}]}}