{"id":298,"date":"2024-05-21T13:16:26","date_gmt":"2024-05-21T13:16:26","guid":{"rendered":"https:\/\/zoom.timelab.ro\/?page_id=298"},"modified":"2024-09-09T07:57:58","modified_gmt":"2024-09-09T07:57:58","slug":"parteneri","status":"publish","type":"page","link":"https:\/\/zoom.timelab.ro\/en\/parteneri\/","title":{"rendered":"Partners"},"content":{"rendered":"<p><div class=\"fusion-fullwidth fullwidth-box fusion-builder-row-1 fusion-flex-container has-pattern-background has-mask-background parteneri-page parteneri-trans nonhundred-percent-fullwidth non-hundred-percent-height-scrolling\" style=\"--awb-border-radius-top-left:0px;--awb-border-radius-top-right:0px;--awb-border-radius-bottom-right:0px;--awb-border-radius-bottom-left:0px;--awb-flex-wrap:wrap;\" ><div class=\"fusion-builder-row fusion-row fusion-flex-align-items-flex-start fusion-flex-content-wrap\" style=\"max-width:1248px;margin-left: calc(-4% \/ 2 );margin-right: calc(-4% \/ 2 );\"><div class=\"fusion-layout-column fusion_builder_column fusion-builder-column-0 fusion_builder_column_1_1 1_1 fusion-flex-column\" style=\"--awb-bg-size:cover;--awb-width-large:100%;--awb-margin-top-large:0px;--awb-spacing-right-large:1.92%;--awb-margin-bottom-large:20px;--awb-spacing-left-large:1.92%;--awb-width-medium:100%;--awb-order-medium:0;--awb-spacing-right-medium:1.92%;--awb-spacing-left-medium:1.92%;--awb-width-small:100%;--awb-order-small:0;--awb-spacing-right-small:1.92%;--awb-spacing-left-small:1.92%;\"><div class=\"fusion-column-wrapper fusion-column-has-shadow fusion-flex-justify-content-flex-start fusion-content-layout-column\"><div class=\"fusion-text fusion-text-1\"><h2 style=\"text-align: center;\">Partners<\/h2>\n<\/div><\/div><\/div><\/div><\/div><div class=\"fusion-fullwidth fullwidth-box fusion-builder-row-2 fusion-flex-container has-pattern-background has-mask-background parteneri-page nonhundred-percent-fullwidth non-hundred-percent-height-scrolling\" style=\"--link_color: #ededed;--awb-border-sizes-top:0;--awb-border-sizes-bottom:1px;--awb-border-sizes-left:0;--awb-border-sizes-right:0;--awb-border-color:#ededed;--awb-border-radius-top-left:0px;--awb-border-radius-top-right:0px;--awb-border-radius-bottom-right:0px;--awb-border-radius-bottom-left:0px;--awb-padding-top:40px;--awb-padding-right:0px;--awb-padding-bottom:0px;--awb-padding-left:0px;--awb-flex-wrap:wrap;\" ><div class=\"fusion-builder-row fusion-row fusion-flex-align-items-flex-start fusion-flex-content-wrap\" style=\"max-width:1248px;margin-left: calc(-4% \/ 2 );margin-right: calc(-4% \/ 2 );\"><div class=\"fusion-layout-column fusion_builder_column fusion-builder-column-1 fusion_builder_column_1_3 1_3 fusion-flex-column element fusion-column-inner-bg-wrapper\" style=\"--awb-inner-bg-size:cover;--awb-width-large:33.333333333333%;--awb-margin-top-large:0px;--awb-spacing-right-large:5.76%;--awb-margin-bottom-large:20px;--awb-spacing-left-large:5.76%;--awb-width-medium:33.333333333333%;--awb-order-medium:0;--awb-spacing-right-medium:5.76%;--awb-spacing-left-medium:5.76%;--awb-width-small:100%;--awb-order-small:0;--awb-spacing-right-small:1.92%;--awb-spacing-left-small:1.92%;\" data-scroll-devices=\"small-visibility,medium-visibility,large-visibility\"><span class=\"fusion-column-inner-bg hover-type-none\"><a class=\"fusion-column-anchor\" href=\"https:\/\/www.rockwool.com\/group\/\" rel=\"noopener noreferrer\" target=\"_blank\"><span class=\"fusion-column-inner-bg-image\"><\/span><\/a><\/span><div class=\"fusion-column-wrapper fusion-column-has-shadow fusion-flex-justify-content-flex-start fusion-content-layout-column\"><div class=\"fusion-image-element\" style=\"--awb-caption-title-font-family:var(--h2_typography-font-family);--awb-caption-title-font-weight:var(--h2_typography-font-weight);--awb-caption-title-font-style:var(--h2_typography-font-style);--awb-caption-title-size:var(--h2_typography-font-size);--awb-caption-title-transform:var(--h2_typography-text-transform);--awb-caption-title-line-height:var(--h2_typography-line-height);--awb-caption-title-letter-spacing:var(--h2_typography-letter-spacing);\"><span class=\"fusion-imageframe imageframe-none imageframe-1 hover-type-none\"><img decoding=\"async\" width=\"150\" height=\"46\" title=\"1006595956_635937daac88f_RGB-ROCKWOO-logo-Primary-Colour-RGB.JPG_150_0_100_3\" src=\"data:image\/svg+xml,%3Csvg%20xmlns%3D%27http%3A%2F%2Fwww.w3.org%2F2000%2Fsvg%27%20width%3D%27150%27%20height%3D%2746%27%20viewBox%3D%270%200%20150%2046%27%3E%3Crect%20width%3D%27150%27%20height%3D%2746%27%20fill-opacity%3D%220%22%2F%3E%3C%2Fsvg%3E\" data-orig-src=\"https:\/\/zoom.timelab.ro\/wp-content\/uploads\/2024\/05\/1006595956_635937daac88f_RGB-ROCKWOO-logo-Primary-Colour-RGB.JPG_150_0_100_3.jpg\" alt class=\"lazyload img-responsive wp-image-245\"\/><\/span><\/div><div class=\"fusion-text fusion-text-2\"><h5><strong>ROCKWOOL ROMANIA<\/strong><\/h5>\n<\/div><\/div><\/div><div class=\"fusion-layout-column fusion_builder_column fusion-builder-column-2 fusion_builder_column_2_3 2_3 fusion-flex-column element\" style=\"--awb-bg-size:cover;--awb-width-large:66.666666666667%;--awb-margin-top-large:0px;--awb-spacing-right-large:2.88%;--awb-margin-bottom-large:20px;--awb-spacing-left-large:2.88%;--awb-width-medium:66.666666666667%;--awb-order-medium:0;--awb-spacing-right-medium:2.88%;--awb-spacing-left-medium:2.88%;--awb-width-small:100%;--awb-order-small:0;--awb-spacing-right-small:1.92%;--awb-spacing-left-small:1.92%;\" data-scroll-devices=\"small-visibility,medium-visibility,large-visibility\"><div class=\"fusion-column-wrapper fusion-column-has-shadow fusion-flex-justify-content-flex-start fusion-content-layout-column\"><div class=\"fusion-text fusion-text-3\"><p>ROCKWOOL Rom\u00e2nia SRL este parte a ROCKWOOL Group. Reprezent\u0103m Grupul la nivel local, oferind sisteme avansate de izola\u021bii pentru cl\u0103diri.<\/p>\n<p>\u00cen ROCKWOOL Group, ne angaj\u0103m s\u0103 \u00eembun\u0103t\u0103\u021bim vie\u021bile tuturor celor care implementeaz\u0103 solu\u021biile noastre. Avem expertiza necesar\u0103 pentru abordarea celor mai mari provoc\u0103ri actuale ale dezvolt\u0103rii sustenabile, de la consumul de energie \u0219i poluarea fonic\u0103, p\u00e2n\u0103 la rezilien\u021ba la foc, deficitul de ap\u0103 \u0219i inunda\u021bii. Gama noastr\u0103 de produse reflect\u0103 diversitatea nevoilor lumii \u00een care tr\u0103im, ajut\u00e2nd toate entit\u0103\u021bile implicate s\u0103 reduc\u0103 propriile emisii de carbon.<\/p>\n<p>Vata bazaltic\u0103 este un material versatil \u0219i reprezint\u0103 baza tuturor diviziilor noastre de business. Cu aproximativ 11,600 de colegi pasiona\u021bi din 39 de \u021b\u0103ri, suntem liderul mondial \u00een solu\u021bii bazate pe vat\u0103 bazaltic\u0103, de la izola\u021bii generale de cl\u0103diri p\u00e2n\u0103 la plafoane acustice, de la sisteme de plac\u0103ri exterioare p\u00e2n\u0103 la solu\u021bii horticole, de la fibre create pentru utilizare industrial\u0103 p\u00e2n\u0103 la izola\u021bii pentru industria naval\u0103 \u0219i platforme marine<\/p>\n<\/div><\/div><\/div><\/div><\/div><div class=\"fusion-fullwidth fullwidth-box fusion-builder-row-3 fusion-flex-container has-pattern-background has-mask-background parteneri-page nonhundred-percent-fullwidth non-hundred-percent-height-scrolling\" style=\"--link_color: #ededed;--awb-border-sizes-top:0;--awb-border-sizes-bottom:1px;--awb-border-sizes-left:0;--awb-border-sizes-right:0;--awb-border-radius-top-left:0px;--awb-border-radius-top-right:0px;--awb-border-radius-bottom-right:0px;--awb-border-radius-bottom-left:0px;--awb-padding-top:40px;--awb-padding-right:0px;--awb-padding-bottom:0px;--awb-padding-left:0px;--awb-flex-wrap:wrap;\" ><div class=\"fusion-builder-row fusion-row fusion-flex-align-items-flex-start fusion-flex-content-wrap\" style=\"max-width:1248px;margin-left: calc(-4% \/ 2 );margin-right: calc(-4% \/ 2 );\"><div class=\"fusion-layout-column fusion_builder_column fusion-builder-column-3 fusion_builder_column_1_3 1_3 fusion-flex-column element fusion-column-inner-bg-wrapper\" style=\"--awb-inner-bg-size:cover;--awb-width-large:33.333333333333%;--awb-margin-top-large:0px;--awb-spacing-right-large:5.76%;--awb-margin-bottom-large:20px;--awb-spacing-left-large:5.76%;--awb-width-medium:33.333333333333%;--awb-order-medium:0;--awb-spacing-right-medium:5.76%;--awb-spacing-left-medium:5.76%;--awb-width-small:100%;--awb-order-small:0;--awb-spacing-right-small:1.92%;--awb-spacing-left-small:1.92%;\" data-scroll-devices=\"small-visibility,medium-visibility,large-visibility\"><span class=\"fusion-column-inner-bg hover-type-none\"><a class=\"fusion-column-anchor\" href=\"https:\/\/www.austrotherm.ro\/\" rel=\"noopener noreferrer\" target=\"_blank\"><span class=\"fusion-column-inner-bg-image\"><\/span><\/a><\/span><div class=\"fusion-column-wrapper fusion-column-has-shadow fusion-flex-justify-content-flex-start fusion-content-layout-column\"><div class=\"fusion-image-element\" style=\"--awb-caption-title-font-family:var(--h2_typography-font-family);--awb-caption-title-font-weight:var(--h2_typography-font-weight);--awb-caption-title-font-style:var(--h2_typography-font-style);--awb-caption-title-size:var(--h2_typography-font-size);--awb-caption-title-transform:var(--h2_typography-text-transform);--awb-caption-title-line-height:var(--h2_typography-line-height);--awb-caption-title-letter-spacing:var(--h2_typography-letter-spacing);\"><span class=\"fusion-imageframe imageframe-none imageframe-2 hover-type-none\"><img decoding=\"async\" width=\"150\" height=\"52\" title=\"1585476097_6362082a5c6a2_logo_150_0_100_3_webp\" src=\"data:image\/svg+xml,%3Csvg%20xmlns%3D%27http%3A%2F%2Fwww.w3.org%2F2000%2Fsvg%27%20width%3D%27150%27%20height%3D%2752%27%20viewBox%3D%270%200%20150%2052%27%3E%3Crect%20width%3D%27150%27%20height%3D%2752%27%20fill-opacity%3D%220%22%2F%3E%3C%2Fsvg%3E\" data-orig-src=\"https:\/\/zoom.timelab.ro\/wp-content\/uploads\/2024\/05\/1585476097_6362082a5c6a2_logo_150_0_100_3_webp.png\" alt class=\"lazyload img-responsive wp-image-244\"\/><\/span><\/div><div class=\"fusion-text fusion-text-4\"><h5><strong>AUSTROTHERM ROMANIA<\/strong><\/h5>\n<\/div><\/div><\/div><div class=\"fusion-layout-column fusion_builder_column fusion-builder-column-4 fusion_builder_column_2_3 2_3 fusion-flex-column element\" style=\"--awb-bg-size:cover;--awb-width-large:66.666666666667%;--awb-margin-top-large:0px;--awb-spacing-right-large:2.88%;--awb-margin-bottom-large:20px;--awb-spacing-left-large:2.88%;--awb-width-medium:66.666666666667%;--awb-order-medium:0;--awb-spacing-right-medium:2.88%;--awb-spacing-left-medium:2.88%;--awb-width-small:100%;--awb-order-small:0;--awb-spacing-right-small:1.92%;--awb-spacing-left-small:1.92%;\" data-scroll-devices=\"small-visibility,medium-visibility,large-visibility\"><div class=\"fusion-column-wrapper fusion-column-has-shadow fusion-flex-justify-content-flex-start fusion-content-layout-column\"><div class=\"fusion-text fusion-text-5\"><p>Austrotherm Com SRL, expertul dumneavoastra in termoizolatii, face parte din grupul austriac Schmid-Industrie-Holding si detine in prezent 18 fabrici de polistiren in 11 tari in Europa Centrala si de Est. Avand la baza tehnologia si calitatea austriaca, Austrotherm Com SRL, detine in Romania doua fabrici de polistiren expandat si extrudat, in Bucuresti si localitatea Horia, jud. Neamt, capacitatea anuala de productie a acestora fiind de 700.000 m\u00b3 de polistirent expandat si 150.000 m\u00b3 de polistiren extrudat.<\/p>\n<p>In cei 20 ani de activitate pe piata din Romania ne-am concetrat atentia pe productia de materiale termoizolante astfel incat sa va asiguram confortul termic al locuintei dumneavoastra si reducerea cheltuielilor de intretinere. Garantia produselor noastre o reprezinta standardul de calitate impus de normele in vigoare ale comunitatii europene.<\/p>\n<p>Pe langa termoizolatii, Austrotherm produce si profile pentru fatada, intr-o gama impresionanta, de la ancadramente pentru usi si ferestre, solbancuri si cornise, chei de bolta si capiteluri, la pietre de basaj si multe altele. Acestea sunt rezistente la incovoiere, se prelucreza usor si pot fi utilizate atat in restaurarea cladirilor vechi, permitand mentinerea stilului arhitectural, cat si pentru constructiile noi, conferindu-le un aspect special.<\/p>\n<\/div><\/div><\/div><\/div><\/div><div class=\"fusion-fullwidth fullwidth-box fusion-builder-row-4 fusion-flex-container has-pattern-background has-mask-background parteneri-page nonhundred-percent-fullwidth non-hundred-percent-height-scrolling\" style=\"--link_color: #ededed;--awb-border-radius-top-left:0px;--awb-border-radius-top-right:0px;--awb-border-radius-bottom-right:0px;--awb-border-radius-bottom-left:0px;--awb-padding-top:40px;--awb-padding-right:0px;--awb-padding-bottom:0px;--awb-padding-left:0px;--awb-flex-wrap:wrap;\" ><div class=\"fusion-builder-row fusion-row fusion-flex-align-items-flex-start fusion-flex-content-wrap\" style=\"max-width:1248px;margin-left: calc(-4% \/ 2 );margin-right: calc(-4% \/ 2 );\"><div class=\"fusion-layout-column fusion_builder_column fusion-builder-column-5 fusion_builder_column_1_3 1_3 fusion-flex-column element fusion-column-inner-bg-wrapper\" style=\"--awb-inner-bg-size:cover;--awb-width-large:33.333333333333%;--awb-margin-top-large:0px;--awb-spacing-right-large:5.76%;--awb-margin-bottom-large:20px;--awb-spacing-left-large:5.76%;--awb-width-medium:33.333333333333%;--awb-order-medium:0;--awb-spacing-right-medium:5.76%;--awb-spacing-left-medium:5.76%;--awb-width-small:100%;--awb-order-small:0;--awb-spacing-right-small:1.92%;--awb-spacing-left-small:1.92%;\" data-scroll-devices=\"small-visibility,medium-visibility,large-visibility\"><span class=\"fusion-column-inner-bg hover-type-none\"><a class=\"fusion-column-anchor\" href=\"https:\/\/www.azomures.com\/\" rel=\"noopener noreferrer\" target=\"_blank\"><span class=\"fusion-column-inner-bg-image\"><\/span><\/a><\/span><div class=\"fusion-column-wrapper fusion-column-has-shadow fusion-flex-justify-content-flex-start fusion-content-layout-column\"><div class=\"fusion-image-element\" style=\"--awb-caption-title-font-family:var(--h2_typography-font-family);--awb-caption-title-font-weight:var(--h2_typography-font-weight);--awb-caption-title-font-style:var(--h2_typography-font-style);--awb-caption-title-size:var(--h2_typography-font-size);--awb-caption-title-transform:var(--h2_typography-text-transform);--awb-caption-title-line-height:var(--h2_typography-line-height);--awb-caption-title-letter-spacing:var(--h2_typography-letter-spacing);\"><span class=\"fusion-imageframe imageframe-none imageframe-3 hover-type-none\"><img decoding=\"async\" width=\"150\" height=\"46\" title=\"partener2\" src=\"data:image\/svg+xml,%3Csvg%20xmlns%3D%27http%3A%2F%2Fwww.w3.org%2F2000%2Fsvg%27%20width%3D%27150%27%20height%3D%2746%27%20viewBox%3D%270%200%20150%2046%27%3E%3Crect%20width%3D%27150%27%20height%3D%2746%27%20fill-opacity%3D%220%22%2F%3E%3C%2Fsvg%3E\" data-orig-src=\"https:\/\/zoom.timelab.ro\/wp-content\/uploads\/2024\/05\/partener2.png\" alt class=\"lazyload img-responsive wp-image-252\"\/><\/span><\/div><div class=\"fusion-text fusion-text-6\"><h5><strong>AZOMURES an AMEROPA COMPANY<\/strong><\/h5>\n<\/div><\/div><\/div><div class=\"fusion-layout-column fusion_builder_column fusion-builder-column-6 fusion_builder_column_2_3 2_3 fusion-flex-column element\" style=\"--awb-bg-size:cover;--awb-width-large:66.666666666667%;--awb-margin-top-large:0px;--awb-spacing-right-large:2.88%;--awb-margin-bottom-large:20px;--awb-spacing-left-large:2.88%;--awb-width-medium:66.666666666667%;--awb-order-medium:0;--awb-spacing-right-medium:2.88%;--awb-spacing-left-medium:2.88%;--awb-width-small:100%;--awb-order-small:0;--awb-spacing-right-small:1.92%;--awb-spacing-left-small:1.92%;\" data-scroll-devices=\"small-visibility,medium-visibility,large-visibility\"><div class=\"fusion-column-wrapper fusion-column-has-shadow fusion-flex-justify-content-flex-start fusion-content-layout-column\"><div class=\"fusion-text fusion-text-7\"><p>Azomures este principalul producator de fertilizanti pentru agricultura, cu un portofoliu de produse care acopera nevoile fermierilor din Romania, asigurand in acelasi timp solutii de fertilizare si pentru agricultura altor tari.<\/p>\n<p>Obiectivul nostru este sa devenim compania cea mai dinamica din regiune, propulsati de siguranta si calitate, construind parteneriate pentru viitor. Ne-am asumat rolul de a produce si a livra in mod sustenabil ingrasaminte de calitate pentru agricultura de azi si de maine.<\/p>\n<p>Producem fertilizanti bazandu-ne activitatile pe elemente ale fizicii si chimiei, ale stiintei, dar in acelasi timp punem pasiune in ceea ce facem si reusim sa ramanem mereu aproape de oameni.<\/p>\n<p>Folosite responsabil, produsele noastre aduc beneficii pentru milioane de oameni, ceea ce ne determina sa credem ca misiunea noastra nu este in zadar.Azomures isi asuma responsabilitatea de a deveni un partener al comunitatii locale prin sustinerea unor proiecte in domenii cheie: educatie, cultura, sanatate, social, mediu si sport, menite sa ajute la dezvoltarea unei societati mai bune si a unui mediu mai curat.<\/p>\n<p>Azomures isi asuma responsabilitatea de a deveni un partener al comunitatii locale prin sustinerea unor proiecte in domenii cheie: educatie, cultura, sanatate, social, mediu si sport, menite sa ajute la dezvoltarea unei societati mai bune si a unui mediu mai curat.<\/p>\n<\/div><\/div><\/div><\/div><\/div><\/p>","protected":false},"excerpt":{"rendered":"","protected":false},"author":1,"featured_media":0,"parent":0,"menu_order":0,"comment_status":"closed","ping_status":"closed","template":"100-width.php","meta":{"footnotes":""},"class_list":["post-298","page","type-page","status-publish","hentry"],"_links":{"self":[{"href":"https:\/\/zoom.timelab.ro\/en\/wp-json\/wp\/v2\/pages\/298","targetHints":{"allow":["GET"]}}],"collection":[{"href":"https:\/\/zoom.timelab.ro\/en\/wp-json\/wp\/v2\/pages"}],"about":[{"href":"https:\/\/zoom.timelab.ro\/en\/wp-json\/wp\/v2\/types\/page"}],"author":[{"embeddable":true,"href":"https:\/\/zoom.timelab.ro\/en\/wp-json\/wp\/v2\/users\/1"}],"replies":[{"embeddable":true,"href":"https:\/\/zoom.timelab.ro\/en\/wp-json\/wp\/v2\/comments?post=298"}],"version-history":[{"count":18,"href":"https:\/\/zoom.timelab.ro\/en\/wp-json\/wp\/v2\/pages\/298\/revisions"}],"predecessor-version":[{"id":541,"href":"https:\/\/zoom.timelab.ro\/en\/wp-json\/wp\/v2\/pages\/298\/revisions\/541"}],"wp:attachment":[{"href":"https:\/\/zoom.timelab.ro\/en\/wp-json\/wp\/v2\/media?parent=298"}],"curies":[{"name":"wp","href":"https:\/\/api.w.org\/{rel}","templated":true}]}}